{"id":7481,"date":"2025-07-01T22:48:27","date_gmt":"2025-07-01T22:48:27","guid":{"rendered":"https:\/\/www.inovatifgitarprojeleri.com\/?page_id=7481"},"modified":"2025-12-09T23:25:17","modified_gmt":"2025-12-09T23:25:17","slug":"etkinlik-cagrilari","status":"publish","type":"page","link":"https:\/\/www.inovatifgitarprojeleri.com\/tr\/gitar-gunleri\/etkinlik-cagrilari\/","title":{"rendered":"Etkinlik \u00c7a\u011fr\u0131lar\u0131"},"content":{"rendered":"\t\t<div data-elementor-type=\"wp-page\" data-elementor-id=\"7481\" class=\"elementor elementor-7481\" data-elementor-post-type=\"page\">\n\t\t\t\t<div class=\"elementor-element elementor-element-6d5e419 e-flex e-con-boxed e-con e-parent\" data-id=\"6d5e419\" data-element_type=\"container\">\n\t\t\t\t\t<div class=\"e-con-inner\">\n\t\t\t\t<div class=\"elementor-element elementor-element-2e26b13 elementor-widget elementor-widget-spacer\" data-id=\"2e26b13\" data-element_type=\"widget\" data-widget_type=\"spacer.default\">\n\t\t\t\t<div class=\"elementor-widget-container\">\n\t\t\t<style>\/*! elementor - v3.23.0 - 25-07-2024 *\/\n.elementor-column .elementor-spacer-inner{height:var(--spacer-size)}.e-con{--container-widget-width:100%}.e-con-inner>.elementor-widget-spacer,.e-con>.elementor-widget-spacer{width:var(--container-widget-width,var(--spacer-size));--align-self:var(--container-widget-align-self,initial);--flex-shrink:0}.e-con-inner>.elementor-widget-spacer>.elementor-widget-container,.e-con>.elementor-widget-spacer>.elementor-widget-container{height:100%;width:100%}.e-con-inner>.elementor-widget-spacer>.elementor-widget-container>.elementor-spacer,.e-con>.elementor-widget-spacer>.elementor-widget-container>.elementor-spacer{height:100%}.e-con-inner>.elementor-widget-spacer>.elementor-widget-container>.elementor-spacer>.elementor-spacer-inner,.e-con>.elementor-widget-spacer>.elementor-widget-container>.elementor-spacer>.elementor-spacer-inner{height:var(--container-widget-height,var(--spacer-size))}.e-con-inner>.elementor-widget-spacer.elementor-widget-empty,.e-con>.elementor-widget-spacer.elementor-widget-empty{position:relative;min-height:22px;min-width:22px}.e-con-inner>.elementor-widget-spacer.elementor-widget-empty .elementor-widget-empty-icon,.e-con>.elementor-widget-spacer.elementor-widget-empty .elementor-widget-empty-icon{position:absolute;top:0;bottom:0;left:0;right:0;margin:auto;padding:0;width:22px;height:22px}<\/style>\t\t<div class=\"elementor-spacer\">\n\t\t\t<div class=\"elementor-spacer-inner\"><\/div>\n\t\t<\/div>\n\t\t\t\t<\/div>\n\t\t\t\t<\/div>\n\t\t\t\t\t<\/div>\n\t\t\t\t<\/div>\n\t\t<div class=\"elementor-element elementor-element-43618f9 e-flex e-con-boxed e-con e-parent\" data-id=\"43618f9\" data-element_type=\"container\">\n\t\t\t\t\t<div class=\"e-con-inner\">\n\t\t\t\t<div class=\"elementor-element elementor-element-5ca9c37 elementor-widget elementor-widget-spacer\" data-id=\"5ca9c37\" data-element_type=\"widget\" data-widget_type=\"spacer.default\">\n\t\t\t\t<div class=\"elementor-widget-container\">\n\t\t\t\t\t<div class=\"elementor-spacer\">\n\t\t\t<div class=\"elementor-spacer-inner\"><\/div>\n\t\t<\/div>\n\t\t\t\t<\/div>\n\t\t\t\t<\/div>\n\t\t<div class=\"elementor-element elementor-element-6d1ab4e e-con-full e-flex e-con e-child\" data-id=\"6d1ab4e\" data-element_type=\"container\" data-settings=\"{&quot;background_background&quot;:&quot;classic&quot;}\">\n\t\t\t\t<div class=\"elementor-element elementor-element-0df1620 elementor-widget__width-initial elementor-widget elementor-widget-text-editor\" data-id=\"0df1620\" data-element_type=\"widget\" data-widget_type=\"text-editor.default\">\n\t\t\t\t<div class=\"elementor-widget-container\">\n\t\t\t<style>\/*! elementor - v3.23.0 - 25-07-2024 *\/\n.elementor-widget-text-editor.elementor-drop-cap-view-stacked .elementor-drop-cap{background-color:#69727d;color:#fff}.elementor-widget-text-editor.elementor-drop-cap-view-framed .elementor-drop-cap{color:#69727d;border:3px solid;background-color:transparent}.elementor-widget-text-editor:not(.elementor-drop-cap-view-default) .elementor-drop-cap{margin-top:8px}.elementor-widget-text-editor:not(.elementor-drop-cap-view-default) .elementor-drop-cap-letter{width:1em;height:1em}.elementor-widget-text-editor .elementor-drop-cap{float:left;text-align:center;line-height:1;font-size:50px}.elementor-widget-text-editor .elementor-drop-cap-letter{display:inline-block}<\/style>\t\t\t\t<p><span style=\"font-size: 24px;\"><strong><span style=\"color: white;\">Gen\u00e7 Virt\u00fc\u00f6zler Sahnesi<\/span><\/strong><\/span><\/p>\t\t\t\t\t\t<\/div>\n\t\t\t\t<\/div>\n\t\t\t\t<div class=\"elementor-element elementor-element-bdb7ebd elementor-widget__width-initial elementor-widget elementor-widget-button\" data-id=\"bdb7ebd\" data-element_type=\"widget\" data-settings=\"{&quot;_animation&quot;:&quot;none&quot;}\" data-widget_type=\"button.default\">\n\t\t\t\t<div class=\"elementor-widget-container\">\n\t\t\t\t\t<div class=\"elementor-button-wrapper\">\n\t\t\t<a class=\"elementor-button elementor-button-link elementor-size-sm elementor-animation-grow\" href=\"https:\/\/www.inovatifgitarprojeleri.com\/tr\/gitar-gunleri\/genc-virtuozler-sahnesi\/\">\n\t\t\t\t\t\t<span class=\"elementor-button-content-wrapper\">\n\t\t\t\t\t\t\t\t\t<span class=\"elementor-button-text\">Detayl\u0131 bilgi i\u00e7in t\u0131klay\u0131n<\/span>\n\t\t\t\t\t<\/span>\n\t\t\t\t\t<\/a>\n\t\t<\/div>\n\t\t\t\t<\/div>\n\t\t\t\t<\/div>\n\t\t\t\t<div class=\"elementor-element elementor-element-23aa1ea elementor-widget elementor-widget-spacer\" data-id=\"23aa1ea\" data-element_type=\"widget\" data-widget_type=\"spacer.default\">\n\t\t\t\t<div class=\"elementor-widget-container\">\n\t\t\t\t\t<div class=\"elementor-spacer\">\n\t\t\t<div class=\"elementor-spacer-inner\"><\/div>\n\t\t<\/div>\n\t\t\t\t<\/div>\n\t\t\t\t<\/div>\n\t\t\t\t<div class=\"elementor-element elementor-element-2d601ce elementor-widget elementor-widget-text-editor\" data-id=\"2d601ce\" data-element_type=\"widget\" data-widget_type=\"text-editor.default\">\n\t\t\t\t<div class=\"elementor-widget-container\">\n\t\t\t\t\t\t\t<p><strong><span style=\"font-size: 18px;\">12 Aral\u0131k | Erzurum<\/span><\/strong><\/p><p>\u00a0<\/p><p>Tar\u0131k \u00c7ODR\u0130<\/p><p>\u00c7a\u011fan ERDO\u011eAN<\/p><p>Tamay ER\u015eAH\u0130N<\/p><p>Umut Burak KALKAN<\/p><p>Batuhan KARTALTEPE<\/p><p>Irmak KURSEL<\/p>\t\t\t\t\t\t<\/div>\n\t\t\t\t<\/div>\n\t\t\t\t<div class=\"elementor-element elementor-element-bc8ac72 elementor-widget elementor-widget-spacer\" data-id=\"bc8ac72\" data-element_type=\"widget\" data-widget_type=\"spacer.default\">\n\t\t\t\t<div class=\"elementor-widget-container\">\n\t\t\t\t\t<div class=\"elementor-spacer\">\n\t\t\t<div class=\"elementor-spacer-inner\"><\/div>\n\t\t<\/div>\n\t\t\t\t<\/div>\n\t\t\t\t<\/div>\n\t\t\t\t<\/div>\n\t\t\t\t<div class=\"elementor-element elementor-element-f8d4089 elementor-widget__width-initial elementor-widget elementor-widget-spacer\" data-id=\"f8d4089\" data-element_type=\"widget\" data-widget_type=\"spacer.default\">\n\t\t\t\t<div class=\"elementor-widget-container\">\n\t\t\t\t\t<div class=\"elementor-spacer\">\n\t\t\t<div class=\"elementor-spacer-inner\"><\/div>\n\t\t<\/div>\n\t\t\t\t<\/div>\n\t\t\t\t<\/div>\n\t\t<div class=\"elementor-element elementor-element-bcd2cc3 e-con-full e-flex e-con e-child\" data-id=\"bcd2cc3\" data-element_type=\"container\" data-settings=\"{&quot;background_background&quot;:&quot;classic&quot;}\">\n\t\t\t\t<div class=\"elementor-element elementor-element-603d7a3 elementor-cta--skin-cover elementor-cta--valign-middle elementor-widget__width-inherit elementor-animated-content elementor-widget elementor-widget-call-to-action\" data-id=\"603d7a3\" data-element_type=\"widget\" data-widget_type=\"call-to-action.default\">\n\t\t\t\t<div class=\"elementor-widget-container\">\n\t\t\t<link rel=\"stylesheet\" href=\"https:\/\/www.inovatifgitarprojeleri.com\/wp-content\/plugins\/elementor-pro\/assets\/css\/widget-call-to-action.min.css\">\t\t<a class=\"elementor-cta\" data-e-bg-lazyload=\".elementor-bg\" href=\"https:\/\/www.inovatifgitarprojeleri.com\/tr\/gitar-gunleri\/genc-virtuozler-sahnesi\/\">\n\t\t\t\t\t<div class=\"elementor-cta__bg-wrapper\">\n\t\t\t\t<div class=\"elementor-cta__bg elementor-bg\" style=\"background-image: var(--e-bg-lazyload-loaded); --e-bg-lazyload: url();\" role=\"img\" aria-label=\"\"><\/div>\n\t\t\t\t<div class=\"elementor-cta__bg-overlay\"><\/div>\n\t\t\t<\/div>\n\t\t\t\t\t\t\t<div class=\"elementor-cta__content\">\n\t\t\t\t\n\t\t\t\t\n\t\t\t\t\n\t\t\t\t\t\t\t\t\t<div class=\"elementor-cta__button-wrapper elementor-cta__content-item elementor-content-item elementor-animated-item--enter-zoom-out\">\n\t\t\t\t\t<span class=\"elementor-cta__button elementor-button elementor-size-md\">\n\t\t\t\t\t\t<span style=\"font-weight: bold;\">\u0130ncele<\/span>\t\t\t\t\t<\/span>\n\t\t\t\t\t<\/div>\n\t\t\t\t\t\t\t<\/div>\n\t\t\t\t\t\t<\/a>\n\t\t\t\t<\/div>\n\t\t\t\t<\/div>\n\t\t\t\t<\/div>\n\t\t\t\t\t<\/div>\n\t\t\t\t<\/div>\n\t\t<div class=\"elementor-element elementor-element-0b9f9f0 e-flex e-con-boxed e-con e-parent\" data-id=\"0b9f9f0\" data-element_type=\"container\">\n\t\t\t\t\t<div class=\"e-con-inner\">\n\t\t\t\t<div class=\"elementor-element elementor-element-c64afe3 elementor-widget elementor-widget-spacer\" data-id=\"c64afe3\" data-element_type=\"widget\" data-widget_type=\"spacer.default\">\n\t\t\t\t<div class=\"elementor-widget-container\">\n\t\t\t\t\t<div class=\"elementor-spacer\">\n\t\t\t<div class=\"elementor-spacer-inner\"><\/div>\n\t\t<\/div>\n\t\t\t\t<\/div>\n\t\t\t\t<\/div>\n\t\t<div class=\"elementor-element elementor-element-0c4f198 e-con-full e-flex e-con e-child\" data-id=\"0c4f198\" data-element_type=\"container\" data-settings=\"{&quot;background_background&quot;:&quot;classic&quot;}\">\n\t\t\t\t<div class=\"elementor-element elementor-element-395512e elementor-widget__width-initial elementor-widget elementor-widget-text-editor\" data-id=\"395512e\" data-element_type=\"widget\" data-widget_type=\"text-editor.default\">\n\t\t\t\t<div class=\"elementor-widget-container\">\n\t\t\t\t\t\t\t<p><span style=\"font-size: 24px;\"><strong><span style=\"color: white;\">I. Uluslararas\u0131 \u0130novatif Gitar Sempozyumu<\/span><\/strong><\/span><br \/><span style=\"font-size: 20px; color: white;\">Erzurum<\/span><\/p>\t\t\t\t\t\t<\/div>\n\t\t\t\t<\/div>\n\t\t\t\t<div class=\"elementor-element elementor-element-6ee1318 elementor-widget__width-initial elementor-widget elementor-widget-button\" data-id=\"6ee1318\" data-element_type=\"widget\" data-settings=\"{&quot;_animation&quot;:&quot;none&quot;}\" data-widget_type=\"button.default\">\n\t\t\t\t<div class=\"elementor-widget-container\">\n\t\t\t\t\t<div class=\"elementor-button-wrapper\">\n\t\t\t<a class=\"elementor-button elementor-button-link elementor-size-sm elementor-animation-grow\" href=\"https:\/\/www.inovatifgitarprojeleri.com\/gitar-gunleri\/sempozyum\/\">\n\t\t\t\t\t\t<span class=\"elementor-button-content-wrapper\">\n\t\t\t\t\t\t\t\t\t<span class=\"elementor-button-text\">Detayl\u0131 bilgi i\u00e7in t\u0131klay\u0131n<\/span>\n\t\t\t\t\t<\/span>\n\t\t\t\t\t<\/a>\n\t\t<\/div>\n\t\t\t\t<\/div>\n\t\t\t\t<\/div>\n\t\t\t\t<div class=\"elementor-element elementor-element-2449653 elementor-widget elementor-widget-spacer\" data-id=\"2449653\" data-element_type=\"widget\" data-widget_type=\"spacer.default\">\n\t\t\t\t<div class=\"elementor-widget-container\">\n\t\t\t\t\t<div class=\"elementor-spacer\">\n\t\t\t<div class=\"elementor-spacer-inner\"><\/div>\n\t\t<\/div>\n\t\t\t\t<\/div>\n\t\t\t\t<\/div>\n\t\t\t\t<div class=\"elementor-element elementor-element-4b1b602 elementor-widget elementor-widget-text-editor\" data-id=\"4b1b602\" data-element_type=\"widget\" data-widget_type=\"text-editor.default\">\n\t\t\t\t<div class=\"elementor-widget-container\">\n\t\t\t\t\t\t\t<p><strong>12-13 Aral\u0131k | Erzurum<\/strong><br \/><strong>Gelenekten Gelece\u011fe Gitar M\u00fczi\u011fi<\/strong><\/p><p style=\"margin: 0cm; line-height: 15.6933px; font-size: 11pt; font-family: Calibri, sans-serif; color: #000000; text-align: justify;\"><a><span style=\"font-size: 12pt; line-height: 17.12px; font-family: 'Times New Roman', serif;\">\u00a0<\/span><\/a><\/p><p>Gitar m\u00fczi\u011fine disiplinler aras\u0131 ve yenilik\u00e7i bir bak\u0131\u015f!<\/p><p>Atat\u00fcrk \u00dcniversitesi G\u00fczel Sanatlar Enstit\u00fcs\u00fc i\u015f birli\u011fiyle d\u00fczenlenen I. \u0130novatif Gitar G\u00fcnleri Sempozyumu, gitar\u0131n tarihsel s\u00fcre\u00e7te geli\u015fiminin yan\u0131 s\u0131ra g\u00fcn\u00fcm\u00fcz m\u00fczi\u011findeki yerini, m\u00fczik e\u011fitimi ve m\u00fczik bilimi ba\u011flamlar\u0131nda inovatif yakla\u015f\u0131mlarla incelemeyi ama\u00e7lamaktad\u0131r. Bu kapsaml\u0131 bulu\u015fma, m\u00fczikologlardan icrac\u0131lara, e\u011fitimcilerden bestecilere kadar geni\u015f bir kat\u0131l\u0131mc\u0131 profiline a\u00e7\u0131k olup, t\u00fcm gitar t\u00fcrlerini kapsayan \u00e7al\u0131\u015fmalar\u0131 te\u015fvik etmektedir.<\/p>\t\t\t\t\t\t<\/div>\n\t\t\t\t<\/div>\n\t\t\t\t<div class=\"elementor-element elementor-element-ce0e4fc elementor-widget elementor-widget-spacer\" data-id=\"ce0e4fc\" data-element_type=\"widget\" data-widget_type=\"spacer.default\">\n\t\t\t\t<div class=\"elementor-widget-container\">\n\t\t\t\t\t<div class=\"elementor-spacer\">\n\t\t\t<div class=\"elementor-spacer-inner\"><\/div>\n\t\t<\/div>\n\t\t\t\t<\/div>\n\t\t\t\t<\/div>\n\t\t\t\t<\/div>\n\t\t\t\t<div class=\"elementor-element elementor-element-830b6bd elementor-widget__width-initial elementor-widget elementor-widget-spacer\" data-id=\"830b6bd\" data-element_type=\"widget\" data-widget_type=\"spacer.default\">\n\t\t\t\t<div class=\"elementor-widget-container\">\n\t\t\t\t\t<div class=\"elementor-spacer\">\n\t\t\t<div class=\"elementor-spacer-inner\"><\/div>\n\t\t<\/div>\n\t\t\t\t<\/div>\n\t\t\t\t<\/div>\n\t\t<div class=\"elementor-element elementor-element-d3fde43 e-con-full e-flex e-con e-child\" data-id=\"d3fde43\" data-element_type=\"container\" data-settings=\"{&quot;background_background&quot;:&quot;classic&quot;}\">\n\t\t\t\t<div class=\"elementor-element elementor-element-92dfa18 elementor-cta--skin-cover elementor-cta--valign-middle elementor-widget__width-inherit elementor-animated-content elementor-widget elementor-widget-call-to-action\" data-id=\"92dfa18\" data-element_type=\"widget\" data-widget_type=\"call-to-action.default\">\n\t\t\t\t<div class=\"elementor-widget-container\">\n\t\t\t\t\t<a class=\"elementor-cta\" data-e-bg-lazyload=\".elementor-bg\" href=\"https:\/\/www.inovatifgitarprojeleri.com\/gitar-gunleri\/sempozyum\/\">\n\t\t\t\t\t<div class=\"elementor-cta__bg-wrapper\">\n\t\t\t\t<div class=\"elementor-cta__bg elementor-bg\" style=\"background-image: var(--e-bg-lazyload-loaded); --e-bg-lazyload: url();\" role=\"img\" aria-label=\"\"><\/div>\n\t\t\t\t<div class=\"elementor-cta__bg-overlay\"><\/div>\n\t\t\t<\/div>\n\t\t\t\t\t\t\t<div class=\"elementor-cta__content\">\n\t\t\t\t\n\t\t\t\t\n\t\t\t\t\n\t\t\t\t\t\t\t\t\t<div class=\"elementor-cta__button-wrapper elementor-cta__content-item elementor-content-item elementor-animated-item--enter-zoom-out\">\n\t\t\t\t\t<span class=\"elementor-cta__button elementor-button elementor-size-md\">\n\t\t\t\t\t\t<span style=\"font-weight: bold;\">\u0130ncele<\/span>\t\t\t\t\t<\/span>\n\t\t\t\t\t<\/div>\n\t\t\t\t\t\t\t<\/div>\n\t\t\t\t\t\t<\/a>\n\t\t\t\t<\/div>\n\t\t\t\t<\/div>\n\t\t\t\t<\/div>\n\t\t\t\t\t<\/div>\n\t\t\t\t<\/div>\n\t\t<div class=\"elementor-element elementor-element-8a0865e e-flex e-con-boxed e-con e-parent\" data-id=\"8a0865e\" data-element_type=\"container\">\n\t\t\t\t\t<div class=\"e-con-inner\">\n\t\t\t\t<div class=\"elementor-element elementor-element-7802fa4 elementor-widget elementor-widget-spacer\" data-id=\"7802fa4\" data-element_type=\"widget\" data-widget_type=\"spacer.default\">\n\t\t\t\t<div class=\"elementor-widget-container\">\n\t\t\t\t\t<div class=\"elementor-spacer\">\n\t\t\t<div class=\"elementor-spacer-inner\"><\/div>\n\t\t<\/div>\n\t\t\t\t<\/div>\n\t\t\t\t<\/div>\n\t\t<div class=\"elementor-element elementor-element-4b9511c e-con-full e-flex e-con e-child\" data-id=\"4b9511c\" data-element_type=\"container\" data-settings=\"{&quot;background_background&quot;:&quot;classic&quot;}\">\n\t\t\t\t<div class=\"elementor-element elementor-element-a7d4800 elementor-widget__width-initial elementor-widget elementor-widget-text-editor\" data-id=\"a7d4800\" data-element_type=\"widget\" data-widget_type=\"text-editor.default\">\n\t\t\t\t<div class=\"elementor-widget-container\">\n\t\t\t\t\t\t\t<p><span style=\"font-size: 24px;\"><strong><span style=\"color: white;\">Konserler, Seminerler ve Gen\u00e7 Yetenekler Sahnesi<\/span><\/strong><\/span><\/p>\t\t\t\t\t\t<\/div>\n\t\t\t\t<\/div>\n\t\t\t\t<div class=\"elementor-element elementor-element-7aa6b04 elementor-widget__width-initial elementor-widget elementor-widget-button\" data-id=\"7aa6b04\" data-element_type=\"widget\" data-settings=\"{&quot;_animation&quot;:&quot;none&quot;}\" data-widget_type=\"button.default\">\n\t\t\t\t<div class=\"elementor-widget-container\">\n\t\t\t\t\t<div class=\"elementor-button-wrapper\">\n\t\t\t<a class=\"elementor-button elementor-button-link elementor-size-sm elementor-animation-grow\" href=\"https:\/\/www.inovatifgitarprojeleri.com\/gitar-gunleri\/konserler-egitimler\/\">\n\t\t\t\t\t\t<span class=\"elementor-button-content-wrapper\">\n\t\t\t\t\t\t\t\t\t<span class=\"elementor-button-text\">Detayl\u0131 bilgi i\u00e7in t\u0131klay\u0131n<\/span>\n\t\t\t\t\t<\/span>\n\t\t\t\t\t<\/a>\n\t\t<\/div>\n\t\t\t\t<\/div>\n\t\t\t\t<\/div>\n\t\t\t\t<div class=\"elementor-element elementor-element-c423a7b elementor-widget elementor-widget-spacer\" data-id=\"c423a7b\" data-element_type=\"widget\" data-widget_type=\"spacer.default\">\n\t\t\t\t<div class=\"elementor-widget-container\">\n\t\t\t\t\t<div class=\"elementor-spacer\">\n\t\t\t<div class=\"elementor-spacer-inner\"><\/div>\n\t\t<\/div>\n\t\t\t\t<\/div>\n\t\t\t\t<\/div>\n\t\t\t\t<div class=\"elementor-element elementor-element-9321649 elementor-widget elementor-widget-text-editor\" data-id=\"9321649\" data-element_type=\"widget\" data-widget_type=\"text-editor.default\">\n\t\t\t\t<div class=\"elementor-widget-container\">\n\t\t\t\t\t\t\t<p>11-13 Aral\u0131k |\u00a0 Erzurum<\/p><p><strong>I. \u0130novatif Gitar G\u00fcnleri: Erzurum<\/strong> etkinlikleri kapsam\u0131nda ger\u00e7ekle\u015ftirilecek <strong>Konserler, E\u011fitimler ve Gen\u00e7 Yetenekler Sahnesi<\/strong> ba\u015fl\u0131kl\u0131 program, gitar m\u00fczi\u011finin farkl\u0131 t\u00fcrlerini temsil eden se\u00e7kin icrac\u0131 ve e\u011fitmenleri bir araya getirerek kat\u0131l\u0131mc\u0131lara \u00e7ok y\u00f6nl\u00fc bir sanatsal deneyim sunmay\u0131 ama\u00e7lamaktad\u0131r. Etkinlik boyunca; klasik, flamenko, caz, elektrik, akustik ve bas gitar alanlar\u0131nda tan\u0131nm\u0131\u015f sanat\u00e7\u0131lar taraf\u0131ndan konserler verilecek; bu sanat\u00e7\u0131larla ger\u00e7ekle\u015ftirilecek seminerler\u00a0 arac\u0131l\u0131\u011f\u0131yla kat\u0131l\u0131mc\u0131lar gitar m\u00fczi\u011fi alan\u0131nda bilgilenme f\u0131rsat\u0131 yakalayacakt\u0131r. Sanatsal performansla e\u011fitsel payla\u015f\u0131m\u0131 b\u00fct\u00fcnle\u015ftiren bu i\u00e7erik, gitar\u0131n teknik, estetik ve k\u00fclt\u00fcrel y\u00f6nlerini \u00e7ok boyutlu bir perspektiften ele almay\u0131 hedeflemektedir.<\/p><p>Bu kapsamda ayr\u0131ca, <strong>\u201cGen\u00e7 Yetenekler Sahnesi\u201d<\/strong> ba\u015fl\u0131\u011f\u0131yla ger\u00e7ekle\u015ftirilecek \u00f6zel bir konser program\u0131 da yer almaktad\u0131r. <strong>Klasik, flamenko, caz, elektrik, akustik ve bas gitar gibi farkl\u0131 t\u00fcrlerde<\/strong> <strong>\u00e7al\u0131\u015fan gen\u00e7 gitaristlerin kat\u0131l\u0131m\u0131na a\u00e7\u0131k<\/strong> olan \u201cGen\u00e7 Yetenekler Sahnesi\u201d, gen\u00e7 yorumcular\u0131n bak\u0131\u015f\u0131n\u0131 gitar\u0131n \u00e7ok sesli d\u00fcnyas\u0131na, sahneye ta\u015f\u0131ma f\u0131rsat\u0131 sunmaktad\u0131r. <strong>2008 ve sonras\u0131 do\u011fumlu<\/strong> <strong>gitaristlerin ba\u015fvurusuna a\u00e7\u0131k olan bu b\u00f6l\u00fcm<\/strong>, j\u00fcri de\u011ferlendirmesi sonucunda se\u00e7ilecek kat\u0131l\u0131mc\u0131lar\u0131n sahne alaca\u011f\u0131 nitelikli bir konser deneyimi sunacakt\u0131r. B\u00f6ylece gen\u00e7 gitaristlerin sahneye haz\u0131rl\u0131k, repertuvar sunumu ve performans esteti\u011fi alanlar\u0131nda deneyim kazanmalar\u0131 hedeflenmektedir.<\/p>\t\t\t\t\t\t<\/div>\n\t\t\t\t<\/div>\n\t\t\t\t<div class=\"elementor-element elementor-element-b8c6c55 elementor-widget elementor-widget-spacer\" data-id=\"b8c6c55\" data-element_type=\"widget\" data-widget_type=\"spacer.default\">\n\t\t\t\t<div class=\"elementor-widget-container\">\n\t\t\t\t\t<div class=\"elementor-spacer\">\n\t\t\t<div class=\"elementor-spacer-inner\"><\/div>\n\t\t<\/div>\n\t\t\t\t<\/div>\n\t\t\t\t<\/div>\n\t\t\t\t<\/div>\n\t\t\t\t<div class=\"elementor-element elementor-element-b32627c elementor-widget__width-initial elementor-widget elementor-widget-spacer\" data-id=\"b32627c\" data-element_type=\"widget\" data-widget_type=\"spacer.default\">\n\t\t\t\t<div class=\"elementor-widget-container\">\n\t\t\t\t\t<div class=\"elementor-spacer\">\n\t\t\t<div class=\"elementor-spacer-inner\"><\/div>\n\t\t<\/div>\n\t\t\t\t<\/div>\n\t\t\t\t<\/div>\n\t\t<div class=\"elementor-element elementor-element-a8870ed e-con-full e-flex e-con e-child\" data-id=\"a8870ed\" data-element_type=\"container\" data-settings=\"{&quot;background_background&quot;:&quot;classic&quot;}\">\n\t\t\t\t<div class=\"elementor-element elementor-element-d232bd4 elementor-cta--skin-cover elementor-cta--valign-middle elementor-widget__width-inherit elementor-animated-content elementor-widget elementor-widget-call-to-action\" data-id=\"d232bd4\" data-element_type=\"widget\" data-widget_type=\"call-to-action.default\">\n\t\t\t\t<div class=\"elementor-widget-container\">\n\t\t\t\t\t<a class=\"elementor-cta\" data-e-bg-lazyload=\".elementor-bg\" href=\"https:\/\/www.inovatifgitarprojeleri.com\/gitar-gunleri\/konserler-egitimler\/\">\n\t\t\t\t\t<div class=\"elementor-cta__bg-wrapper\">\n\t\t\t\t<div class=\"elementor-cta__bg elementor-bg\" style=\"background-image: var(--e-bg-lazyload-loaded); --e-bg-lazyload: url();\" role=\"img\" aria-label=\"\"><\/div>\n\t\t\t\t<div class=\"elementor-cta__bg-overlay\"><\/div>\n\t\t\t<\/div>\n\t\t\t\t\t\t\t<div class=\"elementor-cta__content\">\n\t\t\t\t\n\t\t\t\t\n\t\t\t\t\n\t\t\t\t\t\t\t\t\t<div class=\"elementor-cta__button-wrapper elementor-cta__content-item elementor-content-item elementor-animated-item--enter-zoom-out\">\n\t\t\t\t\t<span class=\"elementor-cta__button elementor-button elementor-size-md\">\n\t\t\t\t\t\t<span style=\"font-weight: bold;\">\u0130ncele<\/span>\t\t\t\t\t<\/span>\n\t\t\t\t\t<\/div>\n\t\t\t\t\t\t\t<\/div>\n\t\t\t\t\t\t<\/a>\n\t\t\t\t<\/div>\n\t\t\t\t<\/div>\n\t\t\t\t<\/div>\n\t\t\t\t\t<\/div>\n\t\t\t\t<\/div>\n\t\t\t\t<\/div>\n\t\t","protected":false},"excerpt":{"rendered":"<p>Gen\u00e7 Virt\u00fc\u00f6zler Sahnesi Detayl\u0131 bilgi i\u00e7in t\u0131klay\u0131n 12 Aral\u0131k | Erzurum \u00a0 Tar\u0131k \u00c7ODR\u0130 \u00c7a\u011fan [&hellip;]<\/p>\n","protected":false},"author":1,"featured_media":0,"parent":5833,"menu_order":0,"comment_status":"closed","ping_status":"closed","template":"","meta":{"_acf_changed":false,"footnotes":""},"class_list":["post-7481","page","type-page","status-publish","hentry"],"acf":[],"_links":{"self":[{"href":"https:\/\/www.inovatifgitarprojeleri.com\/tr\/wp-json\/wp\/v2\/pages\/7481","targetHints":{"allow":["GET"]}}],"collection":[{"href":"https:\/\/www.inovatifgitarprojeleri.com\/tr\/wp-json\/wp\/v2\/pages"}],"about":[{"href":"https:\/\/www.inovatifgitarprojeleri.com\/tr\/wp-json\/wp\/v2\/types\/page"}],"author":[{"embeddable":true,"href":"https:\/\/www.inovatifgitarprojeleri.com\/tr\/wp-json\/wp\/v2\/users\/1"}],"replies":[{"embeddable":true,"href":"https:\/\/www.inovatifgitarprojeleri.com\/tr\/wp-json\/wp\/v2\/comments?post=7481"}],"version-history":[{"count":473,"href":"https:\/\/www.inovatifgitarprojeleri.com\/tr\/wp-json\/wp\/v2\/pages\/7481\/revisions"}],"predecessor-version":[{"id":9578,"href":"https:\/\/www.inovatifgitarprojeleri.com\/tr\/wp-json\/wp\/v2\/pages\/7481\/revisions\/9578"}],"up":[{"embeddable":true,"href":"https:\/\/www.inovatifgitarprojeleri.com\/tr\/wp-json\/wp\/v2\/pages\/5833"}],"wp:attachment":[{"href":"https:\/\/www.inovatifgitarprojeleri.com\/tr\/wp-json\/wp\/v2\/media?parent=7481"}],"curies":[{"name":"wp","href":"https:\/\/api.w.org\/{rel}","templated":true}]}}