{"id":5833,"date":"2025-05-23T19:46:37","date_gmt":"2025-05-23T19:46:37","guid":{"rendered":"https:\/\/www.inovatifgitarprojeleri.com\/?page_id=5833"},"modified":"2026-01-19T19:36:52","modified_gmt":"2026-01-19T19:36:52","slug":"gitar-gunleri","status":"publish","type":"page","link":"https:\/\/www.inovatifgitarprojeleri.com\/tr\/gitar-gunleri\/","title":{"rendered":"\u0130novatif Gitar G\u00fcnleri"},"content":{"rendered":"\t\t<div data-elementor-type=\"wp-page\" data-elementor-id=\"5833\" class=\"elementor elementor-5833\" data-elementor-post-type=\"page\">\n\t\t\t\t<div class=\"elementor-element elementor-element-2b2d77a e-con-full e-flex e-con e-parent\" data-id=\"2b2d77a\" data-element_type=\"container\" data-settings=\"{&quot;motion_fx_motion_fx_scrolling&quot;:&quot;yes&quot;,&quot;background_background&quot;:&quot;gradient&quot;,&quot;motion_fx_devices&quot;:[&quot;desktop&quot;,&quot;tablet&quot;,&quot;mobile&quot;]}\">\n\t\t<div class=\"elementor-element elementor-element-e8df147 e-con-full e-transform e-flex e-con e-child\" data-id=\"e8df147\" data-element_type=\"container\" data-settings=\"{&quot;_transform_rotateZ_effect&quot;:{&quot;unit&quot;:&quot;px&quot;,&quot;size&quot;:-15,&quot;sizes&quot;:[]},&quot;_transform_rotateZ_effect_tablet&quot;:{&quot;unit&quot;:&quot;deg&quot;,&quot;size&quot;:&quot;&quot;,&quot;sizes&quot;:[]},&quot;_transform_rotateZ_effect_mobile&quot;:{&quot;unit&quot;:&quot;deg&quot;,&quot;size&quot;:&quot;&quot;,&quot;sizes&quot;:[]}}\">\n\t\t\t\t<div class=\"elementor-element elementor-element-aa80917 elementor-widget__width-initial elementor-widget elementor-widget-text-editor\" data-id=\"aa80917\" data-element_type=\"widget\" data-widget_type=\"text-editor.default\">\n\t\t\t\t<div class=\"elementor-widget-container\">\n\t\t\t<style>\/*! elementor - v3.23.0 - 25-07-2024 *\/\n.elementor-widget-text-editor.elementor-drop-cap-view-stacked .elementor-drop-cap{background-color:#69727d;color:#fff}.elementor-widget-text-editor.elementor-drop-cap-view-framed .elementor-drop-cap{color:#69727d;border:3px solid;background-color:transparent}.elementor-widget-text-editor:not(.elementor-drop-cap-view-default) .elementor-drop-cap{margin-top:8px}.elementor-widget-text-editor:not(.elementor-drop-cap-view-default) .elementor-drop-cap-letter{width:1em;height:1em}.elementor-widget-text-editor .elementor-drop-cap{float:left;text-align:center;line-height:1;font-size:50px}.elementor-widget-text-editor .elementor-drop-cap-letter{display:inline-block}<\/style>\t\t\t\t<div style=\"position: relative; width: 60px; height: 40px; border-radius: 12px; display: inline-block; overflow: visible;\"><span style=\"position: absolute; top: 50%; left: 50%; transform: translate(-50%, -50%); font-size: 74px; font-weight: bold; color: black; white-space: nowrap;\"><br \/><\/span><span style=\"position: absolute; top: 50%; left: 50%; transform: translate(-50%, -50%); font-size: 74px; color: black; white-space: nowrap;\">I.<\/span><span style=\"position: absolute; top: 50%; left: 50%; transform: translate(-50%, -50%); font-size: 74px; font-weight: bold; color: black; white-space: nowrap;\"><br \/><\/span><\/div>\t\t\t\t\t\t<\/div>\n\t\t\t\t<\/div>\n\t\t\t\t<\/div>\n\t\t<div class=\"elementor-element elementor-element-dddea23 e-con-full e-transform e-transform e-flex e-con e-child\" data-id=\"dddea23\" data-element_type=\"container\" data-settings=\"{&quot;_transform_rotateZ_effect&quot;:{&quot;unit&quot;:&quot;px&quot;,&quot;size&quot;:8,&quot;sizes&quot;:[]},&quot;_transform_translateX_effect&quot;:{&quot;unit&quot;:&quot;px&quot;,&quot;size&quot;:-25,&quot;sizes&quot;:[]},&quot;_transform_translateY_effect&quot;:{&quot;unit&quot;:&quot;px&quot;,&quot;size&quot;:7,&quot;sizes&quot;:[]},&quot;background_background&quot;:&quot;gradient&quot;,&quot;_transform_rotateZ_effect_tablet&quot;:{&quot;unit&quot;:&quot;deg&quot;,&quot;size&quot;:&quot;&quot;,&quot;sizes&quot;:[]},&quot;_transform_rotateZ_effect_mobile&quot;:{&quot;unit&quot;:&quot;deg&quot;,&quot;size&quot;:&quot;&quot;,&quot;sizes&quot;:[]},&quot;_transform_translateX_effect_tablet&quot;:{&quot;unit&quot;:&quot;px&quot;,&quot;size&quot;:&quot;&quot;,&quot;sizes&quot;:[]},&quot;_transform_translateX_effect_mobile&quot;:{&quot;unit&quot;:&quot;px&quot;,&quot;size&quot;:&quot;&quot;,&quot;sizes&quot;:[]},&quot;_transform_translateY_effect_tablet&quot;:{&quot;unit&quot;:&quot;px&quot;,&quot;size&quot;:&quot;&quot;,&quot;sizes&quot;:[]},&quot;_transform_translateY_effect_mobile&quot;:{&quot;unit&quot;:&quot;px&quot;,&quot;size&quot;:&quot;&quot;,&quot;sizes&quot;:[]}}\">\n\t\t\t\t<div class=\"elementor-element elementor-element-383c440 elementor-widget__width-initial elementor-widget elementor-widget-text-editor\" data-id=\"383c440\" data-element_type=\"widget\" data-widget_type=\"text-editor.default\">\n\t\t\t\t<div class=\"elementor-widget-container\">\n\t\t\t\t\t\t\t<div style=\"position: relative; width: 120px; height: 50px; border-radius: 12px; display: inline-block; overflow: visible;\"><span style=\"position: absolute; top: 50%; left: 50%; transform: translate(-50%, -50%); font-size: 58px; font-weight: bold; color: white; -webkit-text-stroke: 1.4px black; white-space: nowrap;\"><span style=\"color: #2641cc;\">\u0130<\/span><span style=\"color: white;\">n<\/span><span style=\"color: #5d05a3;\">o<\/span><span style=\"color: white;\">v<\/span><span style=\"color: #b26007;\">a<\/span><span style=\"color: white;\">t<\/span><span style=\"color: white;\">i<\/span><span style=\"color: #05987d;\">f<\/span><\/span><\/div>\t\t\t\t\t\t<\/div>\n\t\t\t\t<\/div>\n\t\t\t\t<\/div>\n\t\t<div class=\"elementor-element elementor-element-20f3822 e-con-full e-transform e-transform e-flex e-con e-child\" data-id=\"20f3822\" data-element_type=\"container\" data-settings=\"{&quot;_transform_rotateZ_effect&quot;:{&quot;unit&quot;:&quot;px&quot;,&quot;size&quot;:-8,&quot;sizes&quot;:[]},&quot;_transform_translateY_effect&quot;:{&quot;unit&quot;:&quot;px&quot;,&quot;size&quot;:7,&quot;sizes&quot;:[]},&quot;_transform_translateX_effect&quot;:{&quot;unit&quot;:&quot;px&quot;,&quot;size&quot;:10,&quot;sizes&quot;:[]},&quot;_transform_rotateZ_effect_tablet&quot;:{&quot;unit&quot;:&quot;deg&quot;,&quot;size&quot;:&quot;&quot;,&quot;sizes&quot;:[]},&quot;_transform_rotateZ_effect_mobile&quot;:{&quot;unit&quot;:&quot;deg&quot;,&quot;size&quot;:&quot;&quot;,&quot;sizes&quot;:[]},&quot;_transform_translateX_effect_tablet&quot;:{&quot;unit&quot;:&quot;px&quot;,&quot;size&quot;:&quot;&quot;,&quot;sizes&quot;:[]},&quot;_transform_translateX_effect_mobile&quot;:{&quot;unit&quot;:&quot;px&quot;,&quot;size&quot;:&quot;&quot;,&quot;sizes&quot;:[]},&quot;_transform_translateY_effect_tablet&quot;:{&quot;unit&quot;:&quot;px&quot;,&quot;size&quot;:&quot;&quot;,&quot;sizes&quot;:[]},&quot;_transform_translateY_effect_mobile&quot;:{&quot;unit&quot;:&quot;px&quot;,&quot;size&quot;:&quot;&quot;,&quot;sizes&quot;:[]}}\">\n\t\t\t\t<div class=\"elementor-element elementor-element-4b6e742 elementor-widget__width-initial elementor-widget elementor-widget-text-editor\" data-id=\"4b6e742\" data-element_type=\"widget\" data-widget_type=\"text-editor.default\">\n\t\t\t\t<div class=\"elementor-widget-container\">\n\t\t\t\t\t\t\t<div style=\"position: relative; display: inline-block; width: 20px; height: 50px; text-align: center; overflow: visible;\"><span style=\"position: absolute; top: 50%; left: 50%; transform: translate(-50%, -50%); white-space: nowrap; color: black; font-family: georgia, palatino; font-size: 66px;\">Gitar<\/span><\/div>\t\t\t\t\t\t<\/div>\n\t\t\t\t<\/div>\n\t\t\t\t<\/div>\n\t\t<div class=\"elementor-element elementor-element-c464c27 e-con-full e-flex e-con e-child\" data-id=\"c464c27\" data-element_type=\"container\">\n\t\t\t\t<div class=\"elementor-element elementor-element-c5d3b85 elementor-widget__width-initial e-transform elementor-widget elementor-widget-text-editor\" data-id=\"c5d3b85\" data-element_type=\"widget\" data-settings=\"{&quot;_transform_translateY_effect&quot;:{&quot;unit&quot;:&quot;px&quot;,&quot;size&quot;:12,&quot;sizes&quot;:[]},&quot;_transform_translateX_effect&quot;:{&quot;unit&quot;:&quot;px&quot;,&quot;size&quot;:&quot;&quot;,&quot;sizes&quot;:[]},&quot;_transform_translateX_effect_tablet&quot;:{&quot;unit&quot;:&quot;px&quot;,&quot;size&quot;:&quot;&quot;,&quot;sizes&quot;:[]},&quot;_transform_translateX_effect_mobile&quot;:{&quot;unit&quot;:&quot;px&quot;,&quot;size&quot;:&quot;&quot;,&quot;sizes&quot;:[]},&quot;_transform_translateY_effect_tablet&quot;:{&quot;unit&quot;:&quot;px&quot;,&quot;size&quot;:&quot;&quot;,&quot;sizes&quot;:[]},&quot;_transform_translateY_effect_mobile&quot;:{&quot;unit&quot;:&quot;px&quot;,&quot;size&quot;:&quot;&quot;,&quot;sizes&quot;:[]}}\" data-widget_type=\"text-editor.default\">\n\t\t\t\t<div class=\"elementor-widget-container\">\n\t\t\t\t\t\t\t<div style=\"position: relative; width: 60px; height: 40px; border-radius: 12px; display: inline-block; overflow: visible;\"><span style=\"position: absolute; top: 50%; left: 50%; transform: translate(-50%, -50%); color: black;\"><span style=\"font-size: 55px;\">G\u00fcnleri<\/span><\/span><\/div>\t\t\t\t\t\t<\/div>\n\t\t\t\t<\/div>\n\t\t\t\t<\/div>\n\t\t\t\t<\/div>\n\t\t<div class=\"elementor-element elementor-element-a25c55c e-con-full e-flex e-con e-parent\" data-id=\"a25c55c\" data-element_type=\"container\">\n\t\t\t\t<div class=\"elementor-element elementor-element-6119c01 elementor-widget elementor-widget-spacer\" data-id=\"6119c01\" data-element_type=\"widget\" data-widget_type=\"spacer.default\">\n\t\t\t\t<div class=\"elementor-widget-container\">\n\t\t\t<style>\/*! elementor - v3.23.0 - 25-07-2024 *\/\n.elementor-column .elementor-spacer-inner{height:var(--spacer-size)}.e-con{--container-widget-width:100%}.e-con-inner>.elementor-widget-spacer,.e-con>.elementor-widget-spacer{width:var(--container-widget-width,var(--spacer-size));--align-self:var(--container-widget-align-self,initial);--flex-shrink:0}.e-con-inner>.elementor-widget-spacer>.elementor-widget-container,.e-con>.elementor-widget-spacer>.elementor-widget-container{height:100%;width:100%}.e-con-inner>.elementor-widget-spacer>.elementor-widget-container>.elementor-spacer,.e-con>.elementor-widget-spacer>.elementor-widget-container>.elementor-spacer{height:100%}.e-con-inner>.elementor-widget-spacer>.elementor-widget-container>.elementor-spacer>.elementor-spacer-inner,.e-con>.elementor-widget-spacer>.elementor-widget-container>.elementor-spacer>.elementor-spacer-inner{height:var(--container-widget-height,var(--spacer-size))}.e-con-inner>.elementor-widget-spacer.elementor-widget-empty,.e-con>.elementor-widget-spacer.elementor-widget-empty{position:relative;min-height:22px;min-width:22px}.e-con-inner>.elementor-widget-spacer.elementor-widget-empty .elementor-widget-empty-icon,.e-con>.elementor-widget-spacer.elementor-widget-empty .elementor-widget-empty-icon{position:absolute;top:0;bottom:0;left:0;right:0;margin:auto;padding:0;width:22px;height:22px}<\/style>\t\t<div class=\"elementor-spacer\">\n\t\t\t<div class=\"elementor-spacer-inner\"><\/div>\n\t\t<\/div>\n\t\t\t\t<\/div>\n\t\t\t\t<\/div>\n\t\t\t\t<\/div>\n\t\t<div class=\"elementor-element elementor-element-b34b6fb e-flex e-con-boxed e-con e-parent\" data-id=\"b34b6fb\" data-element_type=\"container\">\n\t\t\t\t\t<div class=\"e-con-inner\">\n\t\t\t\t<div class=\"elementor-element elementor-element-6baa49e elementor-widget elementor-widget-text-editor\" data-id=\"6baa49e\" data-element_type=\"widget\" data-widget_type=\"text-editor.default\">\n\t\t\t\t<div class=\"elementor-widget-container\">\n\t\t\t\t\t\t\t<p><span style=\"font-size: 28px;\"><strong><span style=\"color: #000000; font-family: georgia, palatino;\">Sempozyum \u00d6zet Bildiri Kitap\u00e7\u0131\u011f\u0131<\/span><\/strong><\/span><\/p><p><span style=\"font-family: georgia, palatino; font-size: 16px;\">I. \u0130novatif Gitar Sempozyumu \u00d6zet Bildiri Kitap\u00e7\u0131\u011f\u0131&#8217;na <a href=\"https:\/\/drive.google.com\/file\/d\/1LJuf1Unj5VCOyenUZ_0OGn4dZL6FxEmI\/view?usp=drive_link\" target=\"_blank\" rel=\"noopener\"><span style=\"text-decoration: underline;\"><em>buradan<\/em><\/span><\/a> ula\u015fabilirsiniz.<\/span><\/p>\t\t\t\t\t\t<\/div>\n\t\t\t\t<\/div>\n\t\t\t\t\t<\/div>\n\t\t\t\t<\/div>\n\t\t<div class=\"elementor-element elementor-element-39c9638 e-flex e-con-boxed e-con e-parent\" data-id=\"39c9638\" data-element_type=\"container\">\n\t\t\t\t\t<div class=\"e-con-inner\">\n\t\t\t\t<div class=\"elementor-element elementor-element-76028d6 elementor-widget elementor-widget-text-editor\" data-id=\"76028d6\" data-element_type=\"widget\" data-widget_type=\"text-editor.default\">\n\t\t\t\t<div class=\"elementor-widget-container\">\n\t\t\t\t\t\t\t<p><span style=\"font-size: 28px;\"><strong><span style=\"color: #000000; font-family: georgia, palatino;\">Tam Metin G\u00f6nderim Duyurusu<\/span><\/strong><\/span><\/p><ul><li>Tam metin son g\u00f6nderim tarihi <strong>15 Ocak 2026<\/strong> olarak g\u00fcncellenmi\u015ftir.<\/li><li>Tam metin g\u00f6nderim kurallar\u0131na <em><span style=\"text-decoration: underline;\"><a href=\"https:\/\/www.inovatifgitarprojeleri.com\/tr\/gitar-gunleri\/sempozyum\/\" target=\"_blank\" rel=\"noopener\">buradan<\/a><\/span>\u00a0<\/em>ula\u015fabilirsiniz.<\/li><\/ul>\t\t\t\t\t\t<\/div>\n\t\t\t\t<\/div>\n\t\t\t\t\t<\/div>\n\t\t\t\t<\/div>\n\t\t<div class=\"elementor-element elementor-element-7bf75a5 e-flex e-con-boxed e-con e-parent\" data-id=\"7bf75a5\" data-element_type=\"container\">\n\t\t\t\t\t<div class=\"e-con-inner\">\n\t\t<div class=\"elementor-element elementor-element-c139243 e-con-full e-flex e-con e-child\" data-id=\"c139243\" data-element_type=\"container\">\n\t\t\t\t<div class=\"elementor-element elementor-element-d62db5f elementor-widget elementor-widget-spacer\" data-id=\"d62db5f\" data-element_type=\"widget\" data-widget_type=\"spacer.default\">\n\t\t\t\t<div class=\"elementor-widget-container\">\n\t\t\t\t\t<div class=\"elementor-spacer\">\n\t\t\t<div class=\"elementor-spacer-inner\"><\/div>\n\t\t<\/div>\n\t\t\t\t<\/div>\n\t\t\t\t<\/div>\n\t\t\t\t<div class=\"elementor-element elementor-element-3e023ce elementor-widget elementor-widget-text-editor\" data-id=\"3e023ce\" data-element_type=\"widget\" data-widget_type=\"text-editor.default\">\n\t\t\t\t<div class=\"elementor-widget-container\">\n\t\t\t\t\t\t\t<p><strong>11\u201313 Aral\u0131k 2025 | T\u00fcm Gitar T\u00fcrlerine A\u00e7\u0131k, Disiplinler Aras\u0131 Bir Bulu\u015fma<\/strong><\/p>\t\t\t\t\t\t<\/div>\n\t\t\t\t<\/div>\n\t\t\t\t<div class=\"elementor-element elementor-element-455003b elementor-widget elementor-widget-text-editor\" data-id=\"455003b\" data-element_type=\"widget\" data-widget_type=\"text-editor.default\">\n\t\t\t\t<div class=\"elementor-widget-container\">\n\t\t\t\t\t\t\t<ul><li><strong>\u0130novatif Gitar G\u00fcnleri <\/strong><strong>Program \u0130\u00e7erikleri<\/strong><\/li><\/ul>\t\t\t\t\t\t<\/div>\n\t\t\t\t<\/div>\n\t\t\t\t<div class=\"elementor-element elementor-element-24494d2 elementor-widget elementor-widget-text-editor\" data-id=\"24494d2\" data-element_type=\"widget\" data-widget_type=\"text-editor.default\">\n\t\t\t\t<div class=\"elementor-widget-container\">\n\t\t\t\t\t\t\t<p>T\u00fcrkiye&#8217;nin d\u00f6rt bir yan\u0131ndan gelen gitaristleri, akademisyenleri ve m\u00fczik tutkunlar\u0131n\u0131 bir araya getiren I. \u0130novatif Gitar G\u00fcnleri, 11-13 Aral\u0131k 2025 tarihleri aras\u0131nda Atat\u00fcrk \u00dcniversitesi G\u00fczel Sanatlar Enstit\u00fcs\u00fc i\u015f birli\u011fiyle Erzurum\u2019da ger\u00e7ekle\u015fiyor. Bu \u00f6zel etkinlik, gitar\u0131n hem geleneksel hem \u00e7a\u011fda\u015f y\u00f6nlerini kapsayan detayl\u0131 i\u00e7eri\u011fiyle sanat severlerle bulu\u015fmaya haz\u0131rlan\u0131yor.<\/p><p>Profesyonel m\u00fczisyenlere, m\u00fczik e\u011fitmenlerine, \u00f6\u011frencilere ve t\u00fcm gitar tutkunlar\u0131na a\u00e7\u0131k olan bu organizasyon, Erzurum\u2019un k\u00fclt\u00fcrel dokusuyla birle\u015ferek unutulmaz bir deneyim vadediyor.<\/p><p>I. \u0130novatif Gitar G\u00fcnleri:\u00a0Erzurum Etkinlik Program Ak\u0131\u015f\u0131 i\u00e7in <a href=\"https:\/\/drive.google.com\/file\/d\/1R71NsY8jWYJEsbAvj6iW2TbIMFsiqF6x\/view?usp=sharing\" target=\"_blank\" rel=\"noopener\"><em><span style=\"text-decoration: underline;\">t\u0131klay\u0131n\u0131z.<\/span><\/em><\/a><\/p>\t\t\t\t\t\t<\/div>\n\t\t\t\t<\/div>\n\t\t\t\t<div class=\"elementor-element elementor-element-077074a elementor-widget elementor-widget-text-editor\" data-id=\"077074a\" data-element_type=\"widget\" data-widget_type=\"text-editor.default\">\n\t\t\t\t<div class=\"elementor-widget-container\">\n\t\t\t\t\t\t\t<p><strong>Uluslararas\u0131 Klasik Gitar Yar\u0131\u015fmas\u0131<\/strong><\/p>\n<p>Ulusal ve Uluslararas\u0131 kat\u0131l\u0131mc\u0131lar\u0131n yeteneklerini sergileyece\u011fi, nitelikli bir j\u00fcri de\u011ferlendirmesiyle ger\u00e7ekle\u015fecek \u00f6d\u00fcll\u00fc yar\u0131\u015fma.<\/p>\n<p><strong>Uluslararas\u0131 Sempozyum<\/strong><\/p>\n<p>Gitar\u0131n sanatsal, pedagojik ve k\u00fclt\u00fcrel y\u00f6nlerini ele alan sunumlar ve tart\u0131\u015fma oturumlar\u0131yla ger\u00e7ekle\u015fecek disiplinler aras\u0131 bir akademik bulu\u015fma.<\/p>\n<p><strong>Konserler, <\/strong><strong>E\u011fitimler ve Gen\u00e7 Yetenekler Sahnesi<\/strong><\/p>\n<p>Klasik, flamenko, caz, akustik, elektrik gitar gibi farkl\u0131 t\u00fcrlerde sahne alacak \u00f6nemli gitaristlerden ilham verici performanslar ve alan\u0131nda uzman e\u011fitmenlerle birebir ve grup halinde ger\u00e7ekle\u015ftirilecek uygulamal\u0131 \u00e7al\u0131\u015fmalar, ayr\u0131ca gitar e\u011fitimine devam eden 18 ya\u015f alt\u0131 gen\u00e7 m\u00fczisyenler i\u00e7in sahne alma ve deneyim kazanma f\u0131rsat\u0131.<\/p>\t\t\t\t\t\t<\/div>\n\t\t\t\t<\/div>\n\t\t\t\t<div class=\"elementor-element elementor-element-f73904f elementor-widget__width-initial elementor-widget elementor-widget-button\" data-id=\"f73904f\" data-element_type=\"widget\" data-settings=\"{&quot;_animation&quot;:&quot;none&quot;}\" data-widget_type=\"button.default\">\n\t\t\t\t<div class=\"elementor-widget-container\">\n\t\t\t\t\t<div class=\"elementor-button-wrapper\">\n\t\t\t<a class=\"elementor-button elementor-button-link elementor-size-sm elementor-animation-grow\" href=\"https:\/\/www.inovatifgitarprojeleri.com\/gitar-gunleri\/etkinlik-cagrilari\/\">\n\t\t\t\t\t\t<span class=\"elementor-button-content-wrapper\">\n\t\t\t\t\t\t\t\t\t<span class=\"elementor-button-text\">Etkinlik \u00e7a\u011fr\u0131lar\u0131 i\u00e7in t\u0131klay\u0131n<\/span>\n\t\t\t\t\t<\/span>\n\t\t\t\t\t<\/a>\n\t\t<\/div>\n\t\t\t\t<\/div>\n\t\t\t\t<\/div>\n\t\t\t\t<\/div>\n\t\t<div class=\"elementor-element elementor-element-017bad7 e-con-full e-flex e-con e-child\" data-id=\"017bad7\" data-element_type=\"container\" data-settings=\"{&quot;background_background&quot;:&quot;classic&quot;}\">\n\t\t\t\t<div class=\"elementor-element elementor-element-a9f6f02 elementor-cta--skin-cover elementor-cta--valign-middle elementor-widget__width-inherit elementor-animated-content elementor-widget elementor-widget-call-to-action\" data-id=\"a9f6f02\" data-element_type=\"widget\" data-widget_type=\"call-to-action.default\">\n\t\t\t\t<div class=\"elementor-widget-container\">\n\t\t\t<link rel=\"stylesheet\" href=\"https:\/\/www.inovatifgitarprojeleri.com\/wp-content\/plugins\/elementor-pro\/assets\/css\/widget-call-to-action.min.css\">\t\t<a class=\"elementor-cta\" data-e-bg-lazyload=\".elementor-bg\" href=\"https:\/\/www.inovatifgitarprojeleri.com\/gitar-gunleri\/etkinlik-cagrilari\/\">\n\t\t\t\t\t<div class=\"elementor-cta__bg-wrapper\">\n\t\t\t\t<div class=\"elementor-cta__bg elementor-bg\" style=\"background-image: var(--e-bg-lazyload-loaded); --e-bg-lazyload: url();\" role=\"img\" aria-label=\"\"><\/div>\n\t\t\t\t<div class=\"elementor-cta__bg-overlay\"><\/div>\n\t\t\t<\/div>\n\t\t\t\t\t\t\t<div class=\"elementor-cta__content\">\n\t\t\t\t\n\t\t\t\t\n\t\t\t\t\n\t\t\t\t\t\t\t\t\t<div class=\"elementor-cta__button-wrapper elementor-cta__content-item elementor-content-item elementor-animated-item--enter-zoom-out\">\n\t\t\t\t\t<span class=\"elementor-cta__button elementor-button elementor-size-md\">\n\t\t\t\t\t\t<span style=\"font-weight: bold;\">\u0130ncele<\/span>\t\t\t\t\t<\/span>\n\t\t\t\t\t<\/div>\n\t\t\t\t\t\t\t<\/div>\n\t\t\t\t\t\t<\/a>\n\t\t\t\t<\/div>\n\t\t\t\t<\/div>\n\t\t\t\t<\/div>\n\t\t\t\t\t<\/div>\n\t\t\t\t<\/div>\n\t\t<div class=\"elementor-element elementor-element-667fae9 e-grid e-con-boxed e-con e-parent\" data-id=\"667fae9\" data-element_type=\"container\">\n\t\t\t\t\t<div class=\"e-con-inner\">\n\t\t\t\t\t<\/div>\n\t\t\t\t<\/div>\n\t\t\t\t<\/div>\n\t\t","protected":false},"excerpt":{"rendered":"<p>I.\u0130novatifGitarG\u00fcnleri Sempozyum \u00d6zet Bildiri Kitap\u00e7\u0131\u011f\u0131 I. \u0130novatif Gitar Sempozyumu \u00d6zet Bildiri Kitap\u00e7\u0131\u011f\u0131&#8217;na buradan ula\u015fabilirsiniz. Tam [&hellip;]<\/p>\n","protected":false},"author":1,"featured_media":0,"parent":0,"menu_order":0,"comment_status":"closed","ping_status":"closed","template":"elementor_header_footer","meta":{"_acf_changed":false,"footnotes":""},"class_list":["post-5833","page","type-page","status-publish","hentry"],"acf":[],"_links":{"self":[{"href":"https:\/\/www.inovatifgitarprojeleri.com\/tr\/wp-json\/wp\/v2\/pages\/5833","targetHints":{"allow":["GET"]}}],"collection":[{"href":"https:\/\/www.inovatifgitarprojeleri.com\/tr\/wp-json\/wp\/v2\/pages"}],"about":[{"href":"https:\/\/www.inovatifgitarprojeleri.com\/tr\/wp-json\/wp\/v2\/types\/page"}],"author":[{"embeddable":true,"href":"https:\/\/www.inovatifgitarprojeleri.com\/tr\/wp-json\/wp\/v2\/users\/1"}],"replies":[{"embeddable":true,"href":"https:\/\/www.inovatifgitarprojeleri.com\/tr\/wp-json\/wp\/v2\/comments?post=5833"}],"version-history":[{"count":945,"href":"https:\/\/www.inovatifgitarprojeleri.com\/tr\/wp-json\/wp\/v2\/pages\/5833\/revisions"}],"predecessor-version":[{"id":9670,"href":"https:\/\/www.inovatifgitarprojeleri.com\/tr\/wp-json\/wp\/v2\/pages\/5833\/revisions\/9670"}],"wp:attachment":[{"href":"https:\/\/www.inovatifgitarprojeleri.com\/tr\/wp-json\/wp\/v2\/media?parent=5833"}],"curies":[{"name":"wp","href":"https:\/\/api.w.org\/{rel}","templated":true}]}}