{"id":7481,"date":"2025-07-01T22:48:27","date_gmt":"2025-07-01T22:48:27","guid":{"rendered":"https:\/\/www.inovatifgitarprojeleri.com\/?page_id=7481"},"modified":"2025-12-09T23:25:17","modified_gmt":"2025-12-09T23:25:17","slug":"etkinlik-cagrilari","status":"publish","type":"page","link":"https:\/\/www.inovatifgitarprojeleri.com\/en\/gitar-gunleri\/etkinlik-cagrilari\/","title":{"rendered":"Etkinlik \u00c7a\u011fr\u0131lar\u0131"},"content":{"rendered":"<div data-elementor-type=\"wp-page\" data-elementor-id=\"7481\" class=\"elementor elementor-7481\" data-elementor-post-type=\"page\">\n\t\t\t\t<div class=\"elementor-element elementor-element-6d5e419 e-flex e-con-boxed e-con e-parent\" data-id=\"6d5e419\" data-element_type=\"container\">\n\t\t\t\t\t<div class=\"e-con-inner\">\n\t\t\t\t<div class=\"elementor-element elementor-element-2e26b13 elementor-widget elementor-widget-spacer\" data-id=\"2e26b13\" data-element_type=\"widget\" data-widget_type=\"spacer.default\">\n\t\t\t\t<div class=\"elementor-widget-container\">\n\t\t\t<style>\/*! elementor - v3.23.0 - 25-07-2024 *\/\n.elementor-column .elementor-spacer-inner{height:var(--spacer-size)}.e-con{--container-widget-width:100%}.e-con-inner>.elementor-widget-spacer,.e-con>.elementor-widget-spacer{width:var(--container-widget-width,var(--spacer-size));--align-self:var(--container-widget-align-self,initial);--flex-shrink:0}.e-con-inner>.elementor-widget-spacer>.elementor-widget-container,.e-con>.elementor-widget-spacer>.elementor-widget-container{height:100%;width:100%}.e-con-inner>.elementor-widget-spacer>.elementor-widget-container>.elementor-spacer,.e-con>.elementor-widget-spacer>.elementor-widget-container>.elementor-spacer{height:100%}.e-con-inner>.elementor-widget-spacer>.elementor-widget-container>.elementor-spacer>.elementor-spacer-inner,.e-con>.elementor-widget-spacer>.elementor-widget-container>.elementor-spacer>.elementor-spacer-inner{height:var(--container-widget-height,var(--spacer-size))}.e-con-inner>.elementor-widget-spacer.elementor-widget-empty,.e-con>.elementor-widget-spacer.elementor-widget-empty{position:relative;min-height:22px;min-width:22px}.e-con-inner>.elementor-widget-spacer.elementor-widget-empty .elementor-widget-empty-icon,.e-con>.elementor-widget-spacer.elementor-widget-empty .elementor-widget-empty-icon{position:absolute;top:0;bottom:0;left:0;right:0;margin:auto;padding:0;width:22px;height:22px}<\/style>\t\t<div class=\"elementor-spacer\">\n\t\t\t<div class=\"elementor-spacer-inner\"><\/div>\n\t\t<\/div>\n\t\t\t\t<\/div>\n\t\t\t\t<\/div>\n\t\t\t\t\t<\/div>\n\t\t\t\t<\/div>\n\t\t<div class=\"elementor-element elementor-element-43618f9 e-flex e-con-boxed e-con e-parent\" data-id=\"43618f9\" data-element_type=\"container\">\n\t\t\t\t\t<div class=\"e-con-inner\">\n\t\t\t\t<div class=\"elementor-element elementor-element-5ca9c37 elementor-widget elementor-widget-spacer\" data-id=\"5ca9c37\" data-element_type=\"widget\" data-widget_type=\"spacer.default\">\n\t\t\t\t<div class=\"elementor-widget-container\">\n\t\t\t\t\t<div class=\"elementor-spacer\">\n\t\t\t<div class=\"elementor-spacer-inner\"><\/div>\n\t\t<\/div>\n\t\t\t\t<\/div>\n\t\t\t\t<\/div>\n\t\t<div class=\"elementor-element elementor-element-6d1ab4e e-con-full e-flex e-con e-child\" data-id=\"6d1ab4e\" data-element_type=\"container\" data-settings=\"{&quot;background_background&quot;:&quot;classic&quot;}\">\n\t\t\t\t<div class=\"elementor-element elementor-element-0df1620 elementor-widget__width-initial elementor-widget elementor-widget-text-editor\" data-id=\"0df1620\" data-element_type=\"widget\" data-widget_type=\"text-editor.default\">\n\t\t\t\t<div class=\"elementor-widget-container\">\n\t\t\t<style>\/*! elementor - v3.23.0 - 25-07-2024 *\/\n.elementor-widget-text-editor.elementor-drop-cap-view-stacked .elementor-drop-cap{background-color:#69727d;color:#fff}.elementor-widget-text-editor.elementor-drop-cap-view-framed .elementor-drop-cap{color:#69727d;border:3px solid;background-color:transparent}.elementor-widget-text-editor:not(.elementor-drop-cap-view-default) .elementor-drop-cap{margin-top:8px}.elementor-widget-text-editor:not(.elementor-drop-cap-view-default) .elementor-drop-cap-letter{width:1em;height:1em}.elementor-widget-text-editor .elementor-drop-cap{float:left;text-align:center;line-height:1;font-size:50px}.elementor-widget-text-editor .elementor-drop-cap-letter{display:inline-block}<\/style>\t\t\t\t<p><span style=\"font-size: 24px;\"><strong><span style=\"color: white;\">Young Virtuosos Stage<\/span><\/strong><\/span><\/p>\t\t\t\t\t\t<\/div>\n\t\t\t\t<\/div>\n\t\t\t\t<div class=\"elementor-element elementor-element-bdb7ebd elementor-widget__width-initial elementor-widget elementor-widget-button\" data-id=\"bdb7ebd\" data-element_type=\"widget\" data-settings=\"{&quot;_animation&quot;:&quot;none&quot;}\" data-widget_type=\"button.default\">\n\t\t\t\t<div class=\"elementor-widget-container\">\n\t\t\t\t\t<div class=\"elementor-button-wrapper\">\n\t\t\t<a class=\"elementor-button elementor-button-link elementor-size-sm elementor-animation-grow\" href=\"https:\/\/www.inovatifgitarprojeleri.com\/en\/gitar-gunleri\/genc-virtuozler-sahnesi\/\">\n\t\t\t\t\t\t<span class=\"elementor-button-content-wrapper\">\n\t\t\t\t\t\t\t\t\t<span class=\"elementor-button-text\">Click for Detailed Information<\/span>\n\t\t\t\t\t<\/span>\n\t\t\t\t\t<\/a>\n\t\t<\/div>\n\t\t\t\t<\/div>\n\t\t\t\t<\/div>\n\t\t\t\t<div class=\"elementor-element elementor-element-23aa1ea elementor-widget elementor-widget-spacer\" data-id=\"23aa1ea\" data-element_type=\"widget\" data-widget_type=\"spacer.default\">\n\t\t\t\t<div class=\"elementor-widget-container\">\n\t\t\t\t\t<div class=\"elementor-spacer\">\n\t\t\t<div class=\"elementor-spacer-inner\"><\/div>\n\t\t<\/div>\n\t\t\t\t<\/div>\n\t\t\t\t<\/div>\n\t\t\t\t<div class=\"elementor-element elementor-element-2d601ce elementor-widget elementor-widget-text-editor\" data-id=\"2d601ce\" data-element_type=\"widget\" data-widget_type=\"text-editor.default\">\n\t\t\t\t<div class=\"elementor-widget-container\">\n\t\t\t\t\t\t\t<p><strong><span style=\"font-size: 18px;\">December 12 | Erzurum<\/span><\/strong><\/p><p>\u00a0<\/p><p>Tar\u0131k \u00c7ODR\u0130<\/p><p>\u00c7a\u011fan ERDO\u011eAN<\/p><p>Tamay ER\u015eAH\u0130N<\/p><p>Umut Burak KALKAN<\/p><p>Batuhan KARTALTEPE<\/p><p>Irmak KURSEL<\/p>\t\t\t\t\t\t<\/div>\n\t\t\t\t<\/div>\n\t\t\t\t<div class=\"elementor-element elementor-element-bc8ac72 elementor-widget elementor-widget-spacer\" data-id=\"bc8ac72\" data-element_type=\"widget\" data-widget_type=\"spacer.default\">\n\t\t\t\t<div class=\"elementor-widget-container\">\n\t\t\t\t\t<div class=\"elementor-spacer\">\n\t\t\t<div class=\"elementor-spacer-inner\"><\/div>\n\t\t<\/div>\n\t\t\t\t<\/div>\n\t\t\t\t<\/div>\n\t\t\t\t<\/div>\n\t\t\t\t<div class=\"elementor-element elementor-element-f8d4089 elementor-widget__width-initial elementor-widget elementor-widget-spacer\" data-id=\"f8d4089\" data-element_type=\"widget\" data-widget_type=\"spacer.default\">\n\t\t\t\t<div class=\"elementor-widget-container\">\n\t\t\t\t\t<div class=\"elementor-spacer\">\n\t\t\t<div class=\"elementor-spacer-inner\"><\/div>\n\t\t<\/div>\n\t\t\t\t<\/div>\n\t\t\t\t<\/div>\n\t\t<div class=\"elementor-element elementor-element-bcd2cc3 e-con-full e-flex e-con e-child\" data-id=\"bcd2cc3\" data-element_type=\"container\" data-settings=\"{&quot;background_background&quot;:&quot;classic&quot;}\">\n\t\t\t\t<div class=\"elementor-element elementor-element-603d7a3 elementor-cta--skin-cover elementor-cta--valign-middle elementor-widget__width-inherit elementor-animated-content elementor-widget elementor-widget-call-to-action\" data-id=\"603d7a3\" data-element_type=\"widget\" data-widget_type=\"call-to-action.default\">\n\t\t\t\t<div class=\"elementor-widget-container\">\n\t\t\t<link rel=\"stylesheet\" href=\"https:\/\/www.inovatifgitarprojeleri.com\/wp-content\/plugins\/elementor-pro\/assets\/css\/widget-call-to-action.min.css\">\t\t<a class=\"elementor-cta\" data-e-bg-lazyload=\".elementor-bg\" href=\"https:\/\/www.inovatifgitarprojeleri.com\/en\/gitar-gunleri\/genc-virtuozler-sahnesi\/\">\n\t\t\t\t\t<div class=\"elementor-cta__bg-wrapper\">\n\t\t\t\t<div class=\"elementor-cta__bg elementor-bg\" style=\"background-image: var(--e-bg-lazyload-loaded); --e-bg-lazyload: url();\" role=\"img\" aria-label=\"\"><\/div>\n\t\t\t\t<div class=\"elementor-cta__bg-overlay\"><\/div>\n\t\t\t<\/div>\n\t\t\t\t\t\t\t<div class=\"elementor-cta__content\">\n\t\t\t\t\n\t\t\t\t\n\t\t\t\t\n\t\t\t\t\t\t\t\t\t<div class=\"elementor-cta__button-wrapper elementor-cta__content-item elementor-content-item elementor-animated-item--enter-zoom-out\">\n\t\t\t\t\t<span class=\"elementor-cta__button elementor-button elementor-size-md\">\n\t\t\t\t\t\t<span style=\"font-weight: bold;\">Explore the Event<\/span>\t\t\t\t\t<\/span>\n\t\t\t\t\t<\/div>\n\t\t\t\t\t\t\t<\/div>\n\t\t\t\t\t\t<\/a>\n\t\t\t\t<\/div>\n\t\t\t\t<\/div>\n\t\t\t\t<\/div>\n\t\t\t\t\t<\/div>\n\t\t\t\t<\/div>\n\t\t<div class=\"elementor-element elementor-element-0b9f9f0 e-flex e-con-boxed e-con e-parent\" data-id=\"0b9f9f0\" data-element_type=\"container\">\n\t\t\t\t\t<div class=\"e-con-inner\">\n\t\t\t\t<div class=\"elementor-element elementor-element-c64afe3 elementor-widget elementor-widget-spacer\" data-id=\"c64afe3\" data-element_type=\"widget\" data-widget_type=\"spacer.default\">\n\t\t\t\t<div class=\"elementor-widget-container\">\n\t\t\t\t\t<div class=\"elementor-spacer\">\n\t\t\t<div class=\"elementor-spacer-inner\"><\/div>\n\t\t<\/div>\n\t\t\t\t<\/div>\n\t\t\t\t<\/div>\n\t\t<div class=\"elementor-element elementor-element-0c4f198 e-con-full e-flex e-con e-child\" data-id=\"0c4f198\" data-element_type=\"container\" data-settings=\"{&quot;background_background&quot;:&quot;classic&quot;}\">\n\t\t\t\t<div class=\"elementor-element elementor-element-395512e elementor-widget__width-initial elementor-widget elementor-widget-text-editor\" data-id=\"395512e\" data-element_type=\"widget\" data-widget_type=\"text-editor.default\">\n\t\t\t\t<div class=\"elementor-widget-container\">\n\t\t\t\t\t\t\t<p><span style=\"font-size: 24px;\"><strong><span style=\"color: white;\">1st International Innovative Guitar Symposium<\/span><\/strong><\/span><br \/><span style=\"font-size: 20px; color: white;\">Erzurum<\/span><\/p>\t\t\t\t\t\t<\/div>\n\t\t\t\t<\/div>\n\t\t\t\t<div class=\"elementor-element elementor-element-6ee1318 elementor-widget__width-initial elementor-widget elementor-widget-button\" data-id=\"6ee1318\" data-element_type=\"widget\" data-settings=\"{&quot;_animation&quot;:&quot;none&quot;}\" data-widget_type=\"button.default\">\n\t\t\t\t<div class=\"elementor-widget-container\">\n\t\t\t\t\t<div class=\"elementor-button-wrapper\">\n\t\t\t<a class=\"elementor-button elementor-button-link elementor-size-sm elementor-animation-grow\" href=\"https:\/\/www.inovatifgitarprojeleri.com\/en\/gitar-gunleri\/sempozyum\/\">\n\t\t\t\t\t\t<span class=\"elementor-button-content-wrapper\">\n\t\t\t\t\t\t\t\t\t<span class=\"elementor-button-text\">Click for Detailed Information<\/span>\n\t\t\t\t\t<\/span>\n\t\t\t\t\t<\/a>\n\t\t<\/div>\n\t\t\t\t<\/div>\n\t\t\t\t<\/div>\n\t\t\t\t<div class=\"elementor-element elementor-element-2449653 elementor-widget elementor-widget-spacer\" data-id=\"2449653\" data-element_type=\"widget\" data-widget_type=\"spacer.default\">\n\t\t\t\t<div class=\"elementor-widget-container\">\n\t\t\t\t\t<div class=\"elementor-spacer\">\n\t\t\t<div class=\"elementor-spacer-inner\"><\/div>\n\t\t<\/div>\n\t\t\t\t<\/div>\n\t\t\t\t<\/div>\n\t\t\t\t<div class=\"elementor-element elementor-element-4b1b602 elementor-widget elementor-widget-text-editor\" data-id=\"4b1b602\" data-element_type=\"widget\" data-widget_type=\"text-editor.default\">\n\t\t\t\t<div class=\"elementor-widget-container\">\n\t\t\t\t\t\t\t<p><strong>December 11\u201313 | Erzurum<\/strong><br \/><strong>Guitar Music from Tradition to the Future<\/strong><\/p><p style=\"margin: 0cm; line-height: 15.6933px; font-size: 11pt; font-family: Calibri, sans-serif; color: #000000; text-align: justify;\"><a><span style=\"font-size: 12pt; line-height: 17.12px; font-family: 'Times New Roman', serif;\">\u00a0<\/span><\/a><\/p><p>Exploring Guitar Music through an Interdisciplinary and Innovative Perspective!<\/p><p>The 1st International Innovative Guitar Days Symposium, hosted in collaboration with Atat\u00fcrk University Institute of Fine Arts, invites scholars, performers, educators, composers, and other professionals to examine the guitar\u2019s historical evolution and its dynamic role in contemporary music. This symposium aims to promote innovative approaches within the contexts of musicology, music education, performance, and composition, welcoming contributions on all guitar types and musical styles.\nWe encourage submissions from a global community of researchers and practitioners to engage in interdisciplinary discussions, share cutting-edge insights, and explore the guitar\u2019s cultural and artistic significance across time and traditions.<\/p>\t\t\t\t\t\t<\/div>\n\t\t\t\t<\/div>\n\t\t\t\t<div class=\"elementor-element elementor-element-ce0e4fc elementor-widget elementor-widget-spacer\" data-id=\"ce0e4fc\" data-element_type=\"widget\" data-widget_type=\"spacer.default\">\n\t\t\t\t<div class=\"elementor-widget-container\">\n\t\t\t\t\t<div class=\"elementor-spacer\">\n\t\t\t<div class=\"elementor-spacer-inner\"><\/div>\n\t\t<\/div>\n\t\t\t\t<\/div>\n\t\t\t\t<\/div>\n\t\t\t\t<\/div>\n\t\t\t\t<div class=\"elementor-element elementor-element-830b6bd elementor-widget__width-initial elementor-widget elementor-widget-spacer\" data-id=\"830b6bd\" data-element_type=\"widget\" data-widget_type=\"spacer.default\">\n\t\t\t\t<div class=\"elementor-widget-container\">\n\t\t\t\t\t<div class=\"elementor-spacer\">\n\t\t\t<div class=\"elementor-spacer-inner\"><\/div>\n\t\t<\/div>\n\t\t\t\t<\/div>\n\t\t\t\t<\/div>\n\t\t<div class=\"elementor-element elementor-element-d3fde43 e-con-full e-flex e-con e-child\" data-id=\"d3fde43\" data-element_type=\"container\" data-settings=\"{&quot;background_background&quot;:&quot;classic&quot;}\">\n\t\t\t\t<div class=\"elementor-element elementor-element-92dfa18 elementor-cta--skin-cover elementor-cta--valign-middle elementor-widget__width-inherit elementor-animated-content elementor-widget elementor-widget-call-to-action\" data-id=\"92dfa18\" data-element_type=\"widget\" data-widget_type=\"call-to-action.default\">\n\t\t\t\t<div class=\"elementor-widget-container\">\n\t\t\t\t\t<a class=\"elementor-cta\" data-e-bg-lazyload=\".elementor-bg\" href=\"https:\/\/www.inovatifgitarprojeleri.com\/en\/gitar-gunleri\/sempozyum\/\">\n\t\t\t\t\t<div class=\"elementor-cta__bg-wrapper\">\n\t\t\t\t<div class=\"elementor-cta__bg elementor-bg\" style=\"background-image: var(--e-bg-lazyload-loaded); --e-bg-lazyload: url();\" role=\"img\" aria-label=\"\"><\/div>\n\t\t\t\t<div class=\"elementor-cta__bg-overlay\"><\/div>\n\t\t\t<\/div>\n\t\t\t\t\t\t\t<div class=\"elementor-cta__content\">\n\t\t\t\t\n\t\t\t\t\n\t\t\t\t\n\t\t\t\t\t\t\t\t\t<div class=\"elementor-cta__button-wrapper elementor-cta__content-item elementor-content-item elementor-animated-item--enter-zoom-out\">\n\t\t\t\t\t<span class=\"elementor-cta__button elementor-button elementor-size-md\">\n\t\t\t\t\t\t<span style=\"font-weight: bold;\">Explore the Event<\/span>\t\t\t\t\t<\/span>\n\t\t\t\t\t<\/div>\n\t\t\t\t\t\t\t<\/div>\n\t\t\t\t\t\t<\/a>\n\t\t\t\t<\/div>\n\t\t\t\t<\/div>\n\t\t\t\t<\/div>\n\t\t\t\t\t<\/div>\n\t\t\t\t<\/div>\n\t\t<div class=\"elementor-element elementor-element-8a0865e e-flex e-con-boxed e-con e-parent\" data-id=\"8a0865e\" data-element_type=\"container\">\n\t\t\t\t\t<div class=\"e-con-inner\">\n\t\t\t\t<div class=\"elementor-element elementor-element-7802fa4 elementor-widget elementor-widget-spacer\" data-id=\"7802fa4\" data-element_type=\"widget\" data-widget_type=\"spacer.default\">\n\t\t\t\t<div class=\"elementor-widget-container\">\n\t\t\t\t\t<div class=\"elementor-spacer\">\n\t\t\t<div class=\"elementor-spacer-inner\"><\/div>\n\t\t<\/div>\n\t\t\t\t<\/div>\n\t\t\t\t<\/div>\n\t\t<div class=\"elementor-element elementor-element-4b9511c e-con-full e-flex e-con e-child\" data-id=\"4b9511c\" data-element_type=\"container\" data-settings=\"{&quot;background_background&quot;:&quot;classic&quot;}\">\n\t\t\t\t<div class=\"elementor-element elementor-element-a7d4800 elementor-widget__width-initial elementor-widget elementor-widget-text-editor\" data-id=\"a7d4800\" data-element_type=\"widget\" data-widget_type=\"text-editor.default\">\n\t\t\t\t<div class=\"elementor-widget-container\">\n\t\t\t\t\t\t\t<p><span style=\"font-size: 24px;\"><strong><span style=\"color: white;\">Concerts, Seminars, and Young Talents Stage<\/span><\/strong><\/span><\/p>\t\t\t\t\t\t<\/div>\n\t\t\t\t<\/div>\n\t\t\t\t<div class=\"elementor-element elementor-element-7aa6b04 elementor-widget__width-initial elementor-widget elementor-widget-button\" data-id=\"7aa6b04\" data-element_type=\"widget\" data-settings=\"{&quot;_animation&quot;:&quot;none&quot;}\" data-widget_type=\"button.default\">\n\t\t\t\t<div class=\"elementor-widget-container\">\n\t\t\t\t\t<div class=\"elementor-button-wrapper\">\n\t\t\t<a class=\"elementor-button elementor-button-link elementor-size-sm elementor-animation-grow\" href=\"https:\/\/www.inovatifgitarprojeleri.com\/en\/gitar-gunleri\/konserler-egitimler\/\">\n\t\t\t\t\t\t<span class=\"elementor-button-content-wrapper\">\n\t\t\t\t\t\t\t\t\t<span class=\"elementor-button-text\">Click for Detailed Information<\/span>\n\t\t\t\t\t<\/span>\n\t\t\t\t\t<\/a>\n\t\t<\/div>\n\t\t\t\t<\/div>\n\t\t\t\t<\/div>\n\t\t\t\t<div class=\"elementor-element elementor-element-c423a7b elementor-widget elementor-widget-spacer\" data-id=\"c423a7b\" data-element_type=\"widget\" data-widget_type=\"spacer.default\">\n\t\t\t\t<div class=\"elementor-widget-container\">\n\t\t\t\t\t<div class=\"elementor-spacer\">\n\t\t\t<div class=\"elementor-spacer-inner\"><\/div>\n\t\t<\/div>\n\t\t\t\t<\/div>\n\t\t\t\t<\/div>\n\t\t\t\t<div class=\"elementor-element elementor-element-9321649 elementor-widget elementor-widget-text-editor\" data-id=\"9321649\" data-element_type=\"widget\" data-widget_type=\"text-editor.default\">\n\t\t\t\t<div class=\"elementor-widget-container\">\n\t\t\t\t\t\t\t<p>December 11\u201313 | Erzurum<\/p><p><strong>1st Innovative Guitar Days: Erzurum<\/strong> The program titled Concerts, Masterclasses, and Young Talents Stage, to be held as part of the 1st Innovative Guitar Days in Erzurum, <strong>Concerts, Seminars, and Young Talents Stage<\/strong> The program titled Concerts, Masterclasses, and Young Talents Stage, to be held as part of the 1st Innovative Guitar Days in Erzurum, aims to bring together distinguished performers and educators representing various genres of guitar music, offering participants a multifaceted artistic experience. Throughout the event, renowned artists in classical, flamenco, jazz, electric, acoustic, and bass guitar will perform concerts. Additionally, participants will have the opportunity to gain knowledge in the field of guitar music through seminars with these artists. By integrating artistic performance with educational sharing, the program seeks to explore the technical, aesthetic, and cultural dimensions of the guitar from a multidimensional perspective.<\/p><p class=\"translation-block\">As part of the event, a special concert program titled <strong>Young Talents Stage<\/strong> will also take place. <strong>Open to young guitarists working in genres such as classical, flamenco, jazz, electric, acoustic, and bass guitar , the Young Talents Stage<\/strong> provides an opportunity for young performers to bring their perspectives to the diverse world of guitar music and perform on stage. This section is <strong>open to applications from guitarists born in 2008 or later,<\/strong> with selected participants, chosen through a jury evaluation, performing in a high-quality concert experience. The program aims to help young guitarists gain experience in stage and repertoire presentation, and performance aesthetics.<\/p>\t\t\t\t\t\t<\/div>\n\t\t\t\t<\/div>\n\t\t\t\t<div class=\"elementor-element elementor-element-b8c6c55 elementor-widget elementor-widget-spacer\" data-id=\"b8c6c55\" data-element_type=\"widget\" data-widget_type=\"spacer.default\">\n\t\t\t\t<div class=\"elementor-widget-container\">\n\t\t\t\t\t<div class=\"elementor-spacer\">\n\t\t\t<div class=\"elementor-spacer-inner\"><\/div>\n\t\t<\/div>\n\t\t\t\t<\/div>\n\t\t\t\t<\/div>\n\t\t\t\t<\/div>\n\t\t\t\t<div class=\"elementor-element elementor-element-b32627c elementor-widget__width-initial elementor-widget elementor-widget-spacer\" data-id=\"b32627c\" data-element_type=\"widget\" data-widget_type=\"spacer.default\">\n\t\t\t\t<div class=\"elementor-widget-container\">\n\t\t\t\t\t<div class=\"elementor-spacer\">\n\t\t\t<div class=\"elementor-spacer-inner\"><\/div>\n\t\t<\/div>\n\t\t\t\t<\/div>\n\t\t\t\t<\/div>\n\t\t<div class=\"elementor-element elementor-element-a8870ed e-con-full e-flex e-con e-child\" data-id=\"a8870ed\" data-element_type=\"container\" data-settings=\"{&quot;background_background&quot;:&quot;classic&quot;}\">\n\t\t\t\t<div class=\"elementor-element elementor-element-d232bd4 elementor-cta--skin-cover elementor-cta--valign-middle elementor-widget__width-inherit elementor-animated-content elementor-widget elementor-widget-call-to-action\" data-id=\"d232bd4\" data-element_type=\"widget\" data-widget_type=\"call-to-action.default\">\n\t\t\t\t<div class=\"elementor-widget-container\">\n\t\t\t\t\t<a class=\"elementor-cta\" data-e-bg-lazyload=\".elementor-bg\" href=\"https:\/\/www.inovatifgitarprojeleri.com\/en\/gitar-gunleri\/konserler-egitimler\/\">\n\t\t\t\t\t<div class=\"elementor-cta__bg-wrapper\">\n\t\t\t\t<div class=\"elementor-cta__bg elementor-bg\" style=\"background-image: var(--e-bg-lazyload-loaded); --e-bg-lazyload: url();\" role=\"img\" aria-label=\"\"><\/div>\n\t\t\t\t<div class=\"elementor-cta__bg-overlay\"><\/div>\n\t\t\t<\/div>\n\t\t\t\t\t\t\t<div class=\"elementor-cta__content\">\n\t\t\t\t\n\t\t\t\t\n\t\t\t\t\n\t\t\t\t\t\t\t\t\t<div class=\"elementor-cta__button-wrapper elementor-cta__content-item elementor-content-item elementor-animated-item--enter-zoom-out\">\n\t\t\t\t\t<span class=\"elementor-cta__button elementor-button elementor-size-md\">\n\t\t\t\t\t\t<span style=\"font-weight: bold;\">Explore the Event<\/span>\t\t\t\t\t<\/span>\n\t\t\t\t\t<\/div>\n\t\t\t\t\t\t\t<\/div>\n\t\t\t\t\t\t<\/a>\n\t\t\t\t<\/div>\n\t\t\t\t<\/div>\n\t\t\t\t<\/div>\n\t\t\t\t\t<\/div>\n\t\t\t\t<\/div>\n\t\t\t\t<\/div>","protected":false},"excerpt":{"rendered":"<p>Gen\u00e7 Virt\u00fc\u00f6zler Sahnesi Detayl\u0131 bilgi i\u00e7in t\u0131klay\u0131n 12 Aral\u0131k | Erzurum \u00a0 Tar\u0131k \u00c7ODR\u0130 \u00c7a\u011fan [&hellip;]<\/p>","protected":false},"author":1,"featured_media":0,"parent":5833,"menu_order":0,"comment_status":"closed","ping_status":"closed","template":"","meta":{"_acf_changed":false,"footnotes":""},"class_list":["post-7481","page","type-page","status-publish","hentry"],"acf":[],"_links":{"self":[{"href":"https:\/\/www.inovatifgitarprojeleri.com\/en\/wp-json\/wp\/v2\/pages\/7481","targetHints":{"allow":["GET"]}}],"collection":[{"href":"https:\/\/www.inovatifgitarprojeleri.com\/en\/wp-json\/wp\/v2\/pages"}],"about":[{"href":"https:\/\/www.inovatifgitarprojeleri.com\/en\/wp-json\/wp\/v2\/types\/page"}],"author":[{"embeddable":true,"href":"https:\/\/www.inovatifgitarprojeleri.com\/en\/wp-json\/wp\/v2\/users\/1"}],"replies":[{"embeddable":true,"href":"https:\/\/www.inovatifgitarprojeleri.com\/en\/wp-json\/wp\/v2\/comments?post=7481"}],"version-history":[{"count":473,"href":"https:\/\/www.inovatifgitarprojeleri.com\/en\/wp-json\/wp\/v2\/pages\/7481\/revisions"}],"predecessor-version":[{"id":9578,"href":"https:\/\/www.inovatifgitarprojeleri.com\/en\/wp-json\/wp\/v2\/pages\/7481\/revisions\/9578"}],"up":[{"embeddable":true,"href":"https:\/\/www.inovatifgitarprojeleri.com\/en\/wp-json\/wp\/v2\/pages\/5833"}],"wp:attachment":[{"href":"https:\/\/www.inovatifgitarprojeleri.com\/en\/wp-json\/wp\/v2\/media?parent=7481"}],"curies":[{"name":"wp","href":"https:\/\/api.w.org\/{rel}","templated":true}]}}